{"id":719,"date":"2021-03-29T13:34:30","date_gmt":"2021-03-29T13:34:30","guid":{"rendered":"https:\/\/www.drevointer.cz\/?page_id=719"},"modified":"2021-05-02T15:55:43","modified_gmt":"2021-05-02T15:55:43","slug":"soukrome-interiery","status":"publish","type":"page","link":"https:\/\/www.drevointer.cz\/index.php\/soukrome-interiery\/","title":{"rendered":"Soukrom\u00e9 interi\u00e9ry"},"content":{"rendered":"\t\t<div data-elementor-type=\"wp-page\" data-elementor-id=\"719\" class=\"elementor elementor-719\" data-elementor-settings=\"[]\">\n\t\t\t\t\t\t<div class=\"elementor-inner\">\n\t\t\t\t\t\t\t<div class=\"elementor-section-wrap\">\n\t\t\t\t\t\t\t<section class=\"elementor-section elementor-top-section elementor-element elementor-element-67b516c elementor-section-boxed elementor-section-height-default elementor-section-height-default\" data-id=\"67b516c\" data-element_type=\"section\">\n\t\t\t\t\t\t<div class=\"elementor-container elementor-column-gap-default\">\n\t\t\t\t\t\t\t<div class=\"elementor-row\">\n\t\t\t\t\t<div class=\"elementor-column elementor-col-50 elementor-top-column elementor-element elementor-element-7ad475d\" data-id=\"7ad475d\" data-element_type=\"column\">\n\t\t\t<div class=\"elementor-column-wrap elementor-element-populated\">\n\t\t\t\t\t\t\t<div class=\"elementor-widget-wrap\">\n\t\t\t\t\t\t<div class=\"elementor-element elementor-element-35b2fec elementor-widget elementor-widget-text-editor\" data-id=\"35b2fec\" data-element_type=\"widget\" data-widget_type=\"text-editor.default\">\n\t\t\t\t<div class=\"elementor-widget-container\">\n\t\t\t\t\t<div class=\"elementor-text-editor elementor-clearfix\"><h4><strong>Interi\u00e9rov\u00e9 vybaven\u00ed RD &#8211; Praha<\/strong><\/h4><p>\t\t<div class=\"fotorama responsive-image-silder\"\r\n\t\t\tdata-width=100%\t\t\tdata-height=\"400px\"\t\t\tdata-nav=dots\t\t\t\t\t\tdata-allowfullscreen=true\t\t\tdata-fit=cover\t\t\tdata-transitionduration=300\t\t\tfalse\t\t\tdata-autoplay=false\t\t\tdata-loop=true\t\t\tdata-arrows=true\t\t\tdata-swipe=true\t\t\tdata-spinner=true\t\t\tdata-transition=\"slide\"\r\n\t\t\t>\r\n\t\t\t<img src=\"https:\/\/www.drevointer.cz\/wp-content\/uploads\/2021\/03\/DSC_0121.jpg\" data-caption=\"\"><img src=\"https:\/\/www.drevointer.cz\/wp-content\/uploads\/2021\/03\/DSC_0122.jpg\" data-caption=\"\"><img src=\"https:\/\/www.drevointer.cz\/wp-content\/uploads\/2021\/03\/DSC_0102.jpg\" data-caption=\"\"><img src=\"https:\/\/www.drevointer.cz\/wp-content\/uploads\/2021\/03\/DSC_0117.jpg\" data-caption=\"\"><img src=\"https:\/\/www.drevointer.cz\/wp-content\/uploads\/2021\/03\/DSC_0108.jpg\" data-caption=\"\"><img src=\"https:\/\/www.drevointer.cz\/wp-content\/uploads\/2021\/03\/DSC_0115.jpg\" data-caption=\"\"><img src=\"https:\/\/www.drevointer.cz\/wp-content\/uploads\/2021\/03\/DSC_0106.jpg\" data-caption=\"\"><img src=\"https:\/\/www.drevointer.cz\/wp-content\/uploads\/2021\/03\/DSC_0125.jpg\" data-caption=\"\"><img src=\"https:\/\/www.drevointer.cz\/wp-content\/uploads\/2021\/03\/DSC_0132-scaled.jpg\" data-caption=\"\">\t\t<\/div>\r\n\t\t<\/p><\/div>\n\t\t\t\t<\/div>\n\t\t\t\t<\/div>\n\t\t\t\t\t\t<\/div>\n\t\t\t\t\t<\/div>\n\t\t<\/div>\n\t\t\t\t<div class=\"elementor-column elementor-col-50 elementor-top-column elementor-element elementor-element-57b21c9\" data-id=\"57b21c9\" data-element_type=\"column\">\n\t\t\t<div class=\"elementor-column-wrap elementor-element-populated\">\n\t\t\t\t\t\t\t<div class=\"elementor-widget-wrap\">\n\t\t\t\t\t\t<div class=\"elementor-element elementor-element-8e4e41d elementor-widget elementor-widget-text-editor\" data-id=\"8e4e41d\" data-element_type=\"widget\" data-widget_type=\"text-editor.default\">\n\t\t\t\t<div class=\"elementor-widget-container\">\n\t\t\t\t\t<div class=\"elementor-text-editor elementor-clearfix\"><h4><b>Kuchy\u0148sk\u00e1 linka -RD Strakonice<\/b><\/h4><p>\t\t<div class=\"fotorama responsive-image-silder\"\r\n\t\t\tdata-width=100%\t\t\tdata-height=\"400px\"\t\t\tdata-nav=dots\t\t\tdata-navwidth=400px\t\t\tdata-allowfullscreen=true\t\t\tdata-fit=cover\t\t\tdata-transitionduration=300\t\t\tfalse\t\t\tdata-autoplay=false\t\t\tdata-loop=true\t\t\tdata-arrows=true\t\t\tdata-swipe=true\t\t\tdata-spinner=true\t\t\tdata-transition=\"slide\"\r\n\t\t\t>\r\n\t\t\t<img src=\"https:\/\/www.drevointer.cz\/wp-content\/uploads\/2021\/03\/IMG_3761.jpeg\" data-caption=\"\"><img src=\"https:\/\/www.drevointer.cz\/wp-content\/uploads\/2021\/03\/IMG_3795.jpeg\" data-caption=\"\"><img src=\"https:\/\/www.drevointer.cz\/wp-content\/uploads\/2021\/03\/IMG_3794.jpeg\" data-caption=\"\"><img src=\"https:\/\/www.drevointer.cz\/wp-content\/uploads\/2021\/03\/IMG_3793.jpeg\" data-caption=\"\"><img src=\"https:\/\/www.drevointer.cz\/wp-content\/uploads\/2021\/03\/IMG_3762.jpeg\" data-caption=\"\"><img src=\"https:\/\/www.drevointer.cz\/wp-content\/uploads\/2021\/03\/IMG_3771.jpeg\" data-caption=\"\"><img src=\"https:\/\/www.drevointer.cz\/wp-content\/uploads\/2021\/03\/IMG_3764.jpeg\" data-caption=\"\"><img src=\"https:\/\/www.drevointer.cz\/wp-content\/uploads\/2021\/03\/IMG_3773.jpeg\" data-caption=\"\">\t\t<\/div>\r\n\t\t<\/p><\/div>\n\t\t\t\t<\/div>\n\t\t\t\t<\/div>\n\t\t\t\t\t\t<\/div>\n\t\t\t\t\t<\/div>\n\t\t<\/div>\n\t\t\t\t\t\t\t\t<\/div>\n\t\t\t\t\t<\/div>\n\t\t<\/section>\n\t\t\t\t<section class=\"elementor-section elementor-top-section elementor-element elementor-element-bb6988e elementor-section-boxed elementor-section-height-default elementor-section-height-default\" data-id=\"bb6988e\" data-element_type=\"section\">\n\t\t\t\t\t\t<div class=\"elementor-container elementor-column-gap-default\">\n\t\t\t\t\t\t\t<div class=\"elementor-row\">\n\t\t\t\t\t<div class=\"elementor-column elementor-col-50 elementor-top-column elementor-element elementor-element-332231c\" data-id=\"332231c\" data-element_type=\"column\">\n\t\t\t<div class=\"elementor-column-wrap elementor-element-populated\">\n\t\t\t\t\t\t\t<div class=\"elementor-widget-wrap\">\n\t\t\t\t\t\t<div class=\"elementor-element elementor-element-b65f7a0 elementor-widget elementor-widget-text-editor\" data-id=\"b65f7a0\" data-element_type=\"widget\" data-widget_type=\"text-editor.default\">\n\t\t\t\t<div class=\"elementor-widget-container\">\n\t\t\t\t\t<div class=\"elementor-text-editor elementor-clearfix\"><h4><strong>Interi\u00e9rov\u00e9 vybaven\u00ed RD<\/strong><\/h4><p>\t\t<div class=\"fotorama responsive-image-silder\"\r\n\t\t\tdata-width=100%\t\t\tdata-height=\"400px\"\t\t\tdata-nav=dots\t\t\t\t\t\tdata-allowfullscreen=true\t\t\tdata-fit=cover\t\t\tdata-transitionduration=300\t\t\tfalse\t\t\tdata-autoplay=false\t\t\tdata-loop=true\t\t\tdata-arrows=true\t\t\tdata-swipe=true\t\t\tdata-spinner=true\t\t\tdata-transition=\"slide\"\r\n\t\t\t>\r\n\t\t\t<img src=\"https:\/\/www.drevointer.cz\/wp-content\/uploads\/2021\/03\/IMG_3308.jpeg\" data-caption=\"\"><img src=\"https:\/\/www.drevointer.cz\/wp-content\/uploads\/2021\/03\/IMG_3315.jpeg\" data-caption=\"\"><img src=\"https:\/\/www.drevointer.cz\/wp-content\/uploads\/2021\/03\/IMG_3310.jpeg\" data-caption=\"\"><img src=\"https:\/\/www.drevointer.cz\/wp-content\/uploads\/2021\/03\/IMG_3317.jpeg\" data-caption=\"\"><img src=\"https:\/\/www.drevointer.cz\/wp-content\/uploads\/2021\/03\/IMG_3312.jpeg\" data-caption=\"\"><img src=\"https:\/\/www.drevointer.cz\/wp-content\/uploads\/2021\/03\/IMG_3307.jpeg\" data-caption=\"\"><img src=\"https:\/\/www.drevointer.cz\/wp-content\/uploads\/2021\/03\/IMG_3306.jpeg\" data-caption=\"\"><img src=\"https:\/\/www.drevointer.cz\/wp-content\/uploads\/2021\/03\/IMG_3318.jpeg\" data-caption=\"\"><img src=\"https:\/\/www.drevointer.cz\/wp-content\/uploads\/2021\/03\/IMG_3319.jpeg\" data-caption=\"\"><img src=\"https:\/\/www.drevointer.cz\/wp-content\/uploads\/2021\/03\/IMG_3314.jpeg\" data-caption=\"\"><img src=\"https:\/\/www.drevointer.cz\/wp-content\/uploads\/2021\/03\/IMG_3293.jpeg\" data-caption=\"\"><img src=\"https:\/\/www.drevointer.cz\/wp-content\/uploads\/2021\/03\/IMG_3323.jpeg\" data-caption=\"\"><img src=\"https:\/\/www.drevointer.cz\/wp-content\/uploads\/2021\/03\/IMG_3296.jpeg\" data-caption=\"\"><img src=\"https:\/\/www.drevointer.cz\/wp-content\/uploads\/2021\/03\/IMG_3330.jpeg\" data-caption=\"\">\t\t<\/div>\r\n\t\t<\/p><\/div>\n\t\t\t\t<\/div>\n\t\t\t\t<\/div>\n\t\t\t\t\t\t<\/div>\n\t\t\t\t\t<\/div>\n\t\t<\/div>\n\t\t\t\t<div class=\"elementor-column elementor-col-50 elementor-top-column elementor-element elementor-element-81f4ac1\" data-id=\"81f4ac1\" data-element_type=\"column\">\n\t\t\t<div class=\"elementor-column-wrap elementor-element-populated\">\n\t\t\t\t\t\t\t<div class=\"elementor-widget-wrap\">\n\t\t\t\t\t\t<div class=\"elementor-element elementor-element-a53e2a9 elementor-widget elementor-widget-text-editor\" data-id=\"a53e2a9\" data-element_type=\"widget\" data-widget_type=\"text-editor.default\">\n\t\t\t\t<div class=\"elementor-widget-container\">\n\t\t\t\t\t<div class=\"elementor-text-editor elementor-clearfix\"><h4><strong>Kuchy\u0148sk\u00e1 linka &#8211; Praha<\/strong><\/h4><p>\t\t<div class=\"fotorama responsive-image-silder\"\r\n\t\t\tdata-width=100%\t\t\tdata-height=\"400px\"\t\t\tdata-nav=dots\t\t\t\t\t\tdata-allowfullscreen=true\t\t\tdata-fit=cover\t\t\tdata-transitionduration=300\t\t\tfalse\t\t\tdata-autoplay=false\t\t\tdata-loop=true\t\t\tdata-arrows=true\t\t\tdata-swipe=true\t\t\tdata-spinner=true\t\t\tdata-transition=\"slide\"\r\n\t\t\t>\r\n\t\t\t<img src=\"https:\/\/www.drevointer.cz\/wp-content\/uploads\/2021\/03\/KOH-01.jpg\" data-caption=\"\"><img src=\"https:\/\/www.drevointer.cz\/wp-content\/uploads\/2021\/03\/KOH-03.jpg\" data-caption=\"\"><img src=\"https:\/\/www.drevointer.cz\/wp-content\/uploads\/2021\/03\/KOH-02.jpg\" data-caption=\"\"><img src=\"https:\/\/www.drevointer.cz\/wp-content\/uploads\/2021\/03\/KOH-04.jpg\" data-caption=\"\">\t\t<\/div>\r\n\t\t<\/p><\/div>\n\t\t\t\t<\/div>\n\t\t\t\t<\/div>\n\t\t\t\t\t\t<\/div>\n\t\t\t\t\t<\/div>\n\t\t<\/div>\n\t\t\t\t\t\t\t\t<\/div>\n\t\t\t\t\t<\/div>\n\t\t<\/section>\n\t\t\t\t<section class=\"elementor-section elementor-top-section elementor-element elementor-element-89c6c12 elementor-section-boxed elementor-section-height-default elementor-section-height-default\" data-id=\"89c6c12\" data-element_type=\"section\">\n\t\t\t\t\t\t<div class=\"elementor-container elementor-column-gap-default\">\n\t\t\t\t\t\t\t<div class=\"elementor-row\">\n\t\t\t\t\t<div class=\"elementor-column elementor-col-50 elementor-top-column elementor-element elementor-element-611aa81\" data-id=\"611aa81\" data-element_type=\"column\">\n\t\t\t<div class=\"elementor-column-wrap elementor-element-populated\">\n\t\t\t\t\t\t\t<div class=\"elementor-widget-wrap\">\n\t\t\t\t\t\t<div class=\"elementor-element elementor-element-d68ffea elementor-widget elementor-widget-text-editor\" data-id=\"d68ffea\" data-element_type=\"widget\" data-widget_type=\"text-editor.default\">\n\t\t\t\t<div class=\"elementor-widget-container\">\n\t\t\t\t\t<div class=\"elementor-text-editor elementor-clearfix\"><h4><strong>Interi\u00e9rov\u00e9 vybaven\u00ed RD &#8211; P\u00edsek<\/strong><\/h4><p>\t\t<div class=\"fotorama responsive-image-silder\"\r\n\t\t\tdata-width=100%\t\t\tdata-height=\"400px\"\t\t\tdata-nav=dots\t\t\t\t\t\tdata-allowfullscreen=true\t\t\tdata-fit=cover\t\t\tdata-transitionduration=300\t\t\tfalse\t\t\tdata-autoplay=false\t\t\tdata-loop=true\t\t\tdata-arrows=true\t\t\tdata-swipe=true\t\t\tdata-spinner=true\t\t\tdata-transition=\"slide\"\r\n\t\t\t>\r\n\t\t\t<img src=\"https:\/\/www.drevointer.cz\/wp-content\/uploads\/2021\/03\/P1110889.jpg\" data-caption=\"\"><img src=\"https:\/\/www.drevointer.cz\/wp-content\/uploads\/2021\/03\/P1110890.jpg\" data-caption=\"\"><img src=\"https:\/\/www.drevointer.cz\/wp-content\/uploads\/2021\/03\/P1110886.jpg\" data-caption=\"\"><img src=\"https:\/\/www.drevointer.cz\/wp-content\/uploads\/2021\/03\/P1110887.jpg\" data-caption=\"\"><img src=\"https:\/\/www.drevointer.cz\/wp-content\/uploads\/2021\/03\/P1110895.jpg\" data-caption=\"\"><img src=\"https:\/\/www.drevointer.cz\/wp-content\/uploads\/2021\/03\/P1110894.jpg\" data-caption=\"\"><img src=\"https:\/\/www.drevointer.cz\/wp-content\/uploads\/2021\/03\/P1110704.jpg\" data-caption=\"\"><img src=\"https:\/\/www.drevointer.cz\/wp-content\/uploads\/2021\/03\/P1110706.jpg\" data-caption=\"\">\t\t<\/div>\r\n\t\t<\/p><\/div>\n\t\t\t\t<\/div>\n\t\t\t\t<\/div>\n\t\t\t\t\t\t<\/div>\n\t\t\t\t\t<\/div>\n\t\t<\/div>\n\t\t\t\t<div class=\"elementor-column elementor-col-50 elementor-top-column elementor-element elementor-element-186f63e\" data-id=\"186f63e\" data-element_type=\"column\">\n\t\t\t<div class=\"elementor-column-wrap elementor-element-populated\">\n\t\t\t\t\t\t\t<div class=\"elementor-widget-wrap\">\n\t\t\t\t\t\t<div class=\"elementor-element elementor-element-5b935af elementor-widget elementor-widget-text-editor\" data-id=\"5b935af\" data-element_type=\"widget\" data-widget_type=\"text-editor.default\">\n\t\t\t\t<div class=\"elementor-widget-container\">\n\t\t\t\t\t<div class=\"elementor-text-editor elementor-clearfix\"><h4><strong>Kuchy\u0148sk\u00e1 linka<\/strong><\/h4><p>\t\t<div class=\"fotorama responsive-image-silder\"\r\n\t\t\tdata-width=100%\t\t\tdata-height=\"400px\"\t\t\tdata-nav=dots\t\t\tdata-navwidth=100\t\t\tdata-allowfullscreen=true\t\t\tdata-fit=cover\t\t\tdata-transitionduration=300\t\t\tfalse\t\t\tdata-autoplay=false\t\t\tdata-loop=true\t\t\tdata-arrows=true\t\t\tdata-swipe=true\t\t\tdata-spinner=true\t\t\tdata-transition=\"slide\"\r\n\t\t\t>\r\n\t\t\t<img src=\"https:\/\/www.drevointer.cz\/wp-content\/uploads\/2021\/03\/Buf-01.jpeg\" data-caption=\"\"><img src=\"https:\/\/www.drevointer.cz\/wp-content\/uploads\/2021\/03\/Buf-02.jpeg\" data-caption=\"\">\t\t<\/div>\r\n\t\t<\/p><\/div>\n\t\t\t\t<\/div>\n\t\t\t\t<\/div>\n\t\t\t\t\t\t<\/div>\n\t\t\t\t\t<\/div>\n\t\t<\/div>\n\t\t\t\t\t\t\t\t<\/div>\n\t\t\t\t\t<\/div>\n\t\t<\/section>\n\t\t\t\t<section class=\"elementor-section elementor-top-section elementor-element elementor-element-ec980fc elementor-section-boxed elementor-section-height-default elementor-section-height-default\" data-id=\"ec980fc\" data-element_type=\"section\">\n\t\t\t\t\t\t<div class=\"elementor-container elementor-column-gap-default\">\n\t\t\t\t\t\t\t<div class=\"elementor-row\">\n\t\t\t\t\t<div class=\"elementor-column elementor-col-50 elementor-top-column elementor-element elementor-element-4df9e91\" data-id=\"4df9e91\" data-element_type=\"column\">\n\t\t\t<div class=\"elementor-column-wrap elementor-element-populated\">\n\t\t\t\t\t\t\t<div class=\"elementor-widget-wrap\">\n\t\t\t\t\t\t<div class=\"elementor-element elementor-element-aa412cf elementor-widget elementor-widget-text-editor\" data-id=\"aa412cf\" data-element_type=\"widget\" data-widget_type=\"text-editor.default\">\n\t\t\t\t<div class=\"elementor-widget-container\">\n\t\t\t\t\t<div class=\"elementor-text-editor elementor-clearfix\"><h4><strong>Kuchy\u0148sk\u00e1 linka &#8211; RD Strakonice<\/strong><\/h4><p>\t\t<div class=\"fotorama responsive-image-silder\"\r\n\t\t\tdata-width=100%\t\t\tdata-height=\"400px\"\t\t\tdata-nav=dots\t\t\t\t\t\tdata-allowfullscreen=true\t\t\tdata-fit=cover\t\t\tdata-transitionduration=300\t\t\tfalse\t\t\tdata-autoplay=false\t\t\tdata-loop=true\t\t\tdata-arrows=true\t\t\tdata-swipe=true\t\t\tdata-spinner=true\t\t\tdata-transition=\"slide\"\r\n\t\t\t>\r\n\t\t\t<img src=\"https:\/\/www.drevointer.cz\/wp-content\/uploads\/2021\/03\/Kotoun3.jpeg\" data-caption=\"\"><img src=\"https:\/\/www.drevointer.cz\/wp-content\/uploads\/2021\/03\/Kotoun1.jpeg\" data-caption=\"\"><img src=\"https:\/\/www.drevointer.cz\/wp-content\/uploads\/2021\/03\/Kotoun2.jpeg\" data-caption=\"\">\t\t<\/div>\r\n\t\t<\/p><h4>\u00a0<\/h4><\/div>\n\t\t\t\t<\/div>\n\t\t\t\t<\/div>\n\t\t\t\t\t\t<\/div>\n\t\t\t\t\t<\/div>\n\t\t<\/div>\n\t\t\t\t<div class=\"elementor-column elementor-col-50 elementor-top-column elementor-element elementor-element-9f94fe7\" data-id=\"9f94fe7\" data-element_type=\"column\">\n\t\t\t<div class=\"elementor-column-wrap elementor-element-populated\">\n\t\t\t\t\t\t\t<div class=\"elementor-widget-wrap\">\n\t\t\t\t\t\t<div class=\"elementor-element elementor-element-8217ea7 elementor-widget elementor-widget-text-editor\" data-id=\"8217ea7\" data-element_type=\"widget\" data-widget_type=\"text-editor.default\">\n\t\t\t\t<div class=\"elementor-widget-container\">\n\t\t\t\t\t<div class=\"elementor-text-editor elementor-clearfix\"><h4><strong>Kuchy\u0148sk\u00e1 linka -RD Strakonice<\/strong><\/h4><p>\t\t<div class=\"fotorama responsive-image-silder\"\r\n\t\t\tdata-width=100%\t\t\tdata-height=\"400px\"\t\t\tdata-nav=dots\t\t\t\t\t\tdata-allowfullscreen=true\t\t\tdata-fit=cover\t\t\tdata-transitionduration=300\t\t\tfalse\t\t\tdata-autoplay=false\t\t\tdata-loop=true\t\t\tdata-arrows=true\t\t\tdata-swipe=true\t\t\tdata-spinner=true\t\t\tdata-transition=\"slide\"\r\n\t\t\t>\r\n\t\t\t<img src=\"https:\/\/www.drevointer.cz\/wp-content\/uploads\/2021\/03\/20201111_131011.jpg\" data-caption=\"\"><img src=\"https:\/\/www.drevointer.cz\/wp-content\/uploads\/2021\/03\/20201111_131045.jpg\" data-caption=\"\"><img src=\"https:\/\/www.drevointer.cz\/wp-content\/uploads\/2021\/03\/20201111_131114.jpg\" data-caption=\"\"><img src=\"https:\/\/www.drevointer.cz\/wp-content\/uploads\/2021\/03\/20201111_131126.jpg\" data-caption=\"\"><img src=\"https:\/\/www.drevointer.cz\/wp-content\/uploads\/2021\/03\/20201111_131135.jpg\" data-caption=\"\"><img src=\"https:\/\/www.drevointer.cz\/wp-content\/uploads\/2021\/03\/20201111_131345.jpg\" data-caption=\"\">\t\t<\/div>\r\n\t\t<\/p><\/div>\n\t\t\t\t<\/div>\n\t\t\t\t<\/div>\n\t\t\t\t\t\t<\/div>\n\t\t\t\t\t<\/div>\n\t\t<\/div>\n\t\t\t\t\t\t\t\t<\/div>\n\t\t\t\t\t<\/div>\n\t\t<\/section>\n\t\t\t\t<section class=\"elementor-section elementor-top-section elementor-element elementor-element-229361f elementor-section-boxed elementor-section-height-default elementor-section-height-default\" data-id=\"229361f\" data-element_type=\"section\">\n\t\t\t\t\t\t<div class=\"elementor-container elementor-column-gap-default\">\n\t\t\t\t\t\t\t<div class=\"elementor-row\">\n\t\t\t\t\t<div class=\"elementor-column elementor-col-50 elementor-top-column elementor-element elementor-element-8a8d239\" data-id=\"8a8d239\" data-element_type=\"column\">\n\t\t\t<div class=\"elementor-column-wrap elementor-element-populated\">\n\t\t\t\t\t\t\t<div class=\"elementor-widget-wrap\">\n\t\t\t\t\t\t<div class=\"elementor-element elementor-element-eb72f5c elementor-widget elementor-widget-text-editor\" data-id=\"eb72f5c\" data-element_type=\"widget\" data-widget_type=\"text-editor.default\">\n\t\t\t\t<div class=\"elementor-widget-container\">\n\t\t\t\t\t<div class=\"elementor-text-editor elementor-clearfix\"><h4><strong>R\u016fzn\u00e9<\/strong><\/h4><p style=\"color: #7a7a7a; font-family: Roboto, sans-serif; font-size: 16px; letter-spacing: normal;\">\t\t<div class=\"fotorama responsive-image-silder\"\r\n\t\t\tdata-width=100%\t\t\tdata-height=\"400px\"\t\t\tdata-nav=dots\t\t\t\t\t\tdata-allowfullscreen=true\t\t\tdata-fit=cover\t\t\tdata-transitionduration=300\t\t\tfalse\t\t\tdata-autoplay=false\t\t\tdata-loop=true\t\t\tdata-arrows=true\t\t\tdata-swipe=true\t\t\tdata-spinner=true\t\t\tdata-transition=\"slide\"\r\n\t\t\t>\r\n\t\t\t<img src=\"https:\/\/www.drevointer.cz\/wp-content\/uploads\/2021\/03\/41957c98-6111-45d7-91d0-970db1d240dd.jpeg\" data-caption=\"\"><img src=\"https:\/\/www.drevointer.cz\/wp-content\/uploads\/2021\/03\/20201111_131345.jpg\" data-caption=\"\"><img src=\"https:\/\/www.drevointer.cz\/wp-content\/uploads\/2021\/03\/DSC_4857.jpg\" data-caption=\"\"><img src=\"https:\/\/www.drevointer.cz\/wp-content\/uploads\/2021\/03\/IMG_2250-scaled.jpeg\" data-caption=\"\">\t\t<\/div>\r\n\t\t<\/p><\/div>\n\t\t\t\t<\/div>\n\t\t\t\t<\/div>\n\t\t\t\t\t\t<\/div>\n\t\t\t\t\t<\/div>\n\t\t<\/div>\n\t\t\t\t<div class=\"elementor-column elementor-col-50 elementor-top-column elementor-element elementor-element-827f145\" data-id=\"827f145\" data-element_type=\"column\">\n\t\t\t<div class=\"elementor-column-wrap elementor-element-populated\">\n\t\t\t\t\t\t\t<div class=\"elementor-widget-wrap\">\n\t\t\t\t\t\t<div class=\"elementor-element elementor-element-7cc6442 elementor-widget elementor-widget-text-editor\" data-id=\"7cc6442\" data-element_type=\"widget\" data-widget_type=\"text-editor.default\">\n\t\t\t\t<div class=\"elementor-widget-container\">\n\t\t\t\t\t<div class=\"elementor-text-editor elementor-clearfix\"><h4><strong>D\u011btsk\u00fd pokoj -Praha<\/strong><\/h4><p>\t\t<div class=\"fotorama responsive-image-silder\"\r\n\t\t\tdata-width=100%\t\t\tdata-height=\"400px\"\t\t\tdata-nav=dots\t\t\t\t\t\tdata-allowfullscreen=true\t\t\tdata-fit=cover\t\t\tdata-transitionduration=300\t\t\tfalse\t\t\tdata-autoplay=false\t\t\tdata-loop=true\t\t\tdata-arrows=true\t\t\tdata-swipe=true\t\t\tdata-spinner=true\t\t\tdata-transition=\"slide\"\r\n\t\t\t>\r\n\t\t\t<img src=\"https:\/\/www.drevointer.cz\/wp-content\/uploads\/2021\/03\/001340_109_005769.jpg\" data-caption=\"\"><img src=\"https:\/\/www.drevointer.cz\/wp-content\/uploads\/2021\/03\/001343_109_005784.jpg\" data-caption=\"\"><img src=\"https:\/\/www.drevointer.cz\/wp-content\/uploads\/2021\/03\/001342_109_005779.jpg\" data-caption=\"\">\t\t<\/div>\r\n\t\t<\/p><\/div>\n\t\t\t\t<\/div>\n\t\t\t\t<\/div>\n\t\t\t\t\t\t<\/div>\n\t\t\t\t\t<\/div>\n\t\t<\/div>\n\t\t\t\t\t\t\t\t<\/div>\n\t\t\t\t\t<\/div>\n\t\t<\/section>\n\t\t\t\t\t\t<\/div>\n\t\t\t\t\t\t<\/div>\n\t\t\t\t\t<\/div>\n\t\t","protected":false},"excerpt":{"rendered":"<p>Interi\u00e9rov\u00e9 vybaven\u00ed RD &#8211; Praha Kuchy\u0148sk\u00e1 linka -RD Strakonice Interi\u00e9rov\u00e9 vybaven\u00ed RD Kuchy\u0148sk\u00e1 linka &#8211; Praha Interi\u00e9rov\u00e9 vybaven\u00ed RD &#8211; P\u00edsek Kuchy\u0148sk\u00e1 linka Kuchy\u0148sk\u00e1 linka &#8211; RD Strakonice \u00a0 Kuchy\u0148sk\u00e1 linka -RD Strakonice R\u016fzn\u00e9 D\u011btsk\u00fd pokoj -Praha<\/p>\n","protected":false},"author":1,"featured_media":0,"parent":0,"menu_order":0,"comment_status":"closed","ping_status":"closed","template":"","meta":[],"_links":{"self":[{"href":"https:\/\/www.drevointer.cz\/index.php\/wp-json\/wp\/v2\/pages\/719"}],"collection":[{"href":"https:\/\/www.drevointer.cz\/index.php\/wp-json\/wp\/v2\/pages"}],"about":[{"href":"https:\/\/www.drevointer.cz\/index.php\/wp-json\/wp\/v2\/types\/page"}],"author":[{"embeddable":true,"href":"https:\/\/www.drevointer.cz\/index.php\/wp-json\/wp\/v2\/users\/1"}],"replies":[{"embeddable":true,"href":"https:\/\/www.drevointer.cz\/index.php\/wp-json\/wp\/v2\/comments?post=719"}],"version-history":[{"count":110,"href":"https:\/\/www.drevointer.cz\/index.php\/wp-json\/wp\/v2\/pages\/719\/revisions"}],"predecessor-version":[{"id":1286,"href":"https:\/\/www.drevointer.cz\/index.php\/wp-json\/wp\/v2\/pages\/719\/revisions\/1286"}],"wp:attachment":[{"href":"https:\/\/www.drevointer.cz\/index.php\/wp-json\/wp\/v2\/media?parent=719"}],"curies":[{"name":"wp","href":"https:\/\/api.w.org\/{rel}","templated":true}]}}