{"id":232,"date":"2021-01-28T13:48:59","date_gmt":"2021-01-28T13:48:59","guid":{"rendered":"http:\/\/www.drevointer.cz\/?page_id=232"},"modified":"2021-11-30T11:11:10","modified_gmt":"2021-11-30T11:11:10","slug":"komercni-interiery","status":"publish","type":"page","link":"https:\/\/www.drevointer.cz\/index.php\/komercni-interiery\/","title":{"rendered":"Komer\u010dn\u00ed interi\u00e9ry"},"content":{"rendered":"\t\t<div data-elementor-type=\"wp-page\" data-elementor-id=\"232\" class=\"elementor elementor-232\" data-elementor-settings=\"[]\">\n\t\t\t\t\t\t<div class=\"elementor-inner\">\n\t\t\t\t\t\t\t<div class=\"elementor-section-wrap\">\n\t\t\t\t\t\t\t<section class=\"elementor-section elementor-top-section elementor-element elementor-element-f6f18b6 elementor-section-boxed elementor-section-height-default elementor-section-height-default\" data-id=\"f6f18b6\" data-element_type=\"section\">\n\t\t\t\t\t\t<div class=\"elementor-container elementor-column-gap-default\">\n\t\t\t\t\t\t\t<div class=\"elementor-row\">\n\t\t\t\t\t<div class=\"elementor-column elementor-col-50 elementor-top-column elementor-element elementor-element-a99845b\" data-id=\"a99845b\" data-element_type=\"column\">\n\t\t\t<div class=\"elementor-column-wrap elementor-element-populated\">\n\t\t\t\t\t\t\t<div class=\"elementor-widget-wrap\">\n\t\t\t\t\t\t<div class=\"elementor-element elementor-element-031048d elementor-widget elementor-widget-text-editor\" data-id=\"031048d\" data-element_type=\"widget\" data-widget_type=\"text-editor.default\">\n\t\t\t\t<div class=\"elementor-widget-container\">\n\t\t\t\t\t<div class=\"elementor-text-editor elementor-clearfix\"><h4><strong>D\u016fm kultury Strakonice<\/strong><\/h4><p>\t\t<div class=\"fotorama responsive-image-silder\"\r\n\t\t\tdata-width=100%\t\t\tdata-height=\"400px\"\t\t\tdata-nav=dots\t\t\t\t\t\tdata-allowfullscreen=true\t\t\tdata-fit=cover\t\t\tdata-transitionduration=300\t\t\tfalse\t\t\tdata-autoplay=false\t\t\tdata-loop=true\t\t\tdata-arrows=true\t\t\tdata-swipe=true\t\t\tdata-spinner=true\t\t\tdata-transition=\"slide\"\r\n\t\t\t>\r\n\t\t\t<img src=\"https:\/\/www.drevointer.cz\/wp-content\/uploads\/2021\/04\/CEZETA-01.jpg\" data-caption=\"\"><img src=\"https:\/\/www.drevointer.cz\/wp-content\/uploads\/2021\/04\/CEZETA-02.jpg\" data-caption=\"\"><img src=\"https:\/\/www.drevointer.cz\/wp-content\/uploads\/2021\/04\/CEZETA-03.jpg\" data-caption=\"\"><img src=\"https:\/\/www.drevointer.cz\/wp-content\/uploads\/2021\/04\/CEZETA-04.jpg\" data-caption=\"\"><img src=\"https:\/\/www.drevointer.cz\/wp-content\/uploads\/2021\/04\/CEZETA-05.jpg\" data-caption=\"\"><img src=\"https:\/\/www.drevointer.cz\/wp-content\/uploads\/2021\/04\/CEZETA-06.jpg\" data-caption=\"\"><img src=\"https:\/\/www.drevointer.cz\/wp-content\/uploads\/2021\/04\/CEZETA-07.jpg\" data-caption=\"\"><img src=\"https:\/\/www.drevointer.cz\/wp-content\/uploads\/2021\/04\/CEZETA-07.jpg\" data-caption=\"\"><img src=\"https:\/\/www.drevointer.cz\/wp-content\/uploads\/2021\/04\/CEZETA-07.jpg\" data-caption=\"\">\t\t<\/div>\r\n\t\t<\/p><\/div>\n\t\t\t\t<\/div>\n\t\t\t\t<\/div>\n\t\t\t\t\t\t<\/div>\n\t\t\t\t\t<\/div>\n\t\t<\/div>\n\t\t\t\t<div class=\"elementor-column elementor-col-50 elementor-top-column elementor-element elementor-element-29d1dce\" data-id=\"29d1dce\" data-element_type=\"column\">\n\t\t\t<div class=\"elementor-column-wrap elementor-element-populated\">\n\t\t\t\t\t\t\t<div class=\"elementor-widget-wrap\">\n\t\t\t\t\t\t<div class=\"elementor-element elementor-element-eb96171 elementor-widget elementor-widget-text-editor\" data-id=\"eb96171\" data-element_type=\"widget\" data-widget_type=\"text-editor.default\">\n\t\t\t\t<div class=\"elementor-widget-container\">\n\t\t\t\t\t<div class=\"elementor-text-editor elementor-clearfix\"><h4 style=\"caret-color: #000000; color: #000000; letter-spacing: normal;\"><strong>Vina\u0159stv\u00ed -Praha Troja<\/strong><\/h4><p style=\"caret-color: #000000; color: #000000; letter-spacing: normal;\">\t\t<div class=\"fotorama responsive-image-silder\"\r\n\t\t\tdata-width=100%\t\t\tdata-height=\"400\"\t\t\tdata-nav=dots\t\t\t\t\t\tdata-allowfullscreen=true\t\t\tdata-fit=cover\t\t\tdata-transitionduration=300\t\t\tfalse\t\t\tdata-autoplay=true\t\t\tdata-loop=true\t\t\tdata-arrows=true\t\t\tdata-swipe=true\t\t\tdata-spinner=true\t\t\tdata-transition=\"slide\"\r\n\t\t\t>\r\n\t\t\t<img src=\"https:\/\/www.drevointer.cz\/wp-content\/uploads\/2021\/11\/IMG_4839.jpeg\" data-caption=\"\"><img src=\"https:\/\/www.drevointer.cz\/wp-content\/uploads\/2021\/11\/IMG_4840.jpeg\" data-caption=\"\"><img src=\"https:\/\/www.drevointer.cz\/wp-content\/uploads\/2021\/11\/IMG_4838.jpeg\" data-caption=\"\"><img src=\"https:\/\/www.drevointer.cz\/wp-content\/uploads\/2021\/11\/IMG_4843.jpeg\" data-caption=\"\"><img src=\"https:\/\/www.drevointer.cz\/wp-content\/uploads\/2021\/11\/IMG_4844.jpeg\" data-caption=\"\"><img src=\"https:\/\/www.drevointer.cz\/wp-content\/uploads\/2021\/11\/IMG_4254.jpeg\" data-caption=\"\"><img src=\"https:\/\/www.drevointer.cz\/wp-content\/uploads\/2021\/11\/IMG_4852.jpeg\" data-caption=\"\"><img src=\"https:\/\/www.drevointer.cz\/wp-content\/uploads\/2021\/11\/IMG_4257.jpeg\" data-caption=\"\"><img src=\"https:\/\/www.drevointer.cz\/wp-content\/uploads\/2021\/11\/IMG_4835.jpeg\" data-caption=\"\"><img src=\"https:\/\/www.drevointer.cz\/wp-content\/uploads\/2021\/11\/IMG_4825.jpeg\" data-caption=\"\">\t\t<\/div>\r\n\t\t<\/p><\/div>\n\t\t\t\t<\/div>\n\t\t\t\t<\/div>\n\t\t\t\t\t\t<\/div>\n\t\t\t\t\t<\/div>\n\t\t<\/div>\n\t\t\t\t\t\t\t\t<\/div>\n\t\t\t\t\t<\/div>\n\t\t<\/section>\n\t\t\t\t<section class=\"elementor-section elementor-top-section elementor-element elementor-element-74ea6aa elementor-section-boxed elementor-section-height-default elementor-section-height-default\" data-id=\"74ea6aa\" data-element_type=\"section\">\n\t\t\t\t\t\t<div class=\"elementor-container elementor-column-gap-default\">\n\t\t\t\t\t\t\t<div class=\"elementor-row\">\n\t\t\t\t\t<div class=\"elementor-column elementor-col-50 elementor-top-column elementor-element elementor-element-4aaa5f4\" data-id=\"4aaa5f4\" data-element_type=\"column\">\n\t\t\t<div class=\"elementor-column-wrap elementor-element-populated\">\n\t\t\t\t\t\t\t<div class=\"elementor-widget-wrap\">\n\t\t\t\t\t\t<div class=\"elementor-element elementor-element-d820e0b elementor-widget elementor-widget-text-editor\" data-id=\"d820e0b\" data-element_type=\"widget\" data-widget_type=\"text-editor.default\">\n\t\t\t\t<div class=\"elementor-widget-container\">\n\t\t\t\t\t<div class=\"elementor-text-editor elementor-clearfix\"><h4><strong>Kancel\u00e1\u0159 starosty M\u011bsta Strakonice<\/strong><\/h4><p>\t\t<div class=\"fotorama responsive-image-silder\"\r\n\t\t\tdata-width=100%\t\t\tdata-height=\"400px\"\t\t\tdata-nav=dots\t\t\t\t\t\tdata-allowfullscreen=true\t\t\tdata-fit=cover\t\t\tdata-transitionduration=300\t\t\tfalse\t\t\tdata-autoplay=false\t\t\tdata-loop=true\t\t\tdata-arrows=true\t\t\tdata-swipe=true\t\t\tdata-spinner=true\t\t\tdata-transition=\"slide\"\r\n\t\t\t>\r\n\t\t\t<img src=\"https:\/\/www.drevointer.cz\/wp-content\/uploads\/2021\/04\/Starosta-01.jpg\" data-caption=\"\"><img src=\"https:\/\/www.drevointer.cz\/wp-content\/uploads\/2021\/04\/Starosta-02.jpg\" data-caption=\"\"><img src=\"https:\/\/www.drevointer.cz\/wp-content\/uploads\/2021\/04\/Starosta-03.jpg\" data-caption=\"\"><img src=\"https:\/\/www.drevointer.cz\/wp-content\/uploads\/2021\/04\/Starosta-04.jpg\" data-caption=\"\">\t\t<\/div>\r\n\t\t<\/p><\/div>\n\t\t\t\t<\/div>\n\t\t\t\t<\/div>\n\t\t\t\t\t\t<\/div>\n\t\t\t\t\t<\/div>\n\t\t<\/div>\n\t\t\t\t<div class=\"elementor-column elementor-col-50 elementor-top-column elementor-element elementor-element-b68ab91\" data-id=\"b68ab91\" data-element_type=\"column\">\n\t\t\t<div class=\"elementor-column-wrap elementor-element-populated\">\n\t\t\t\t\t\t\t<div class=\"elementor-widget-wrap\">\n\t\t\t\t\t\t<div class=\"elementor-element elementor-element-17f8bb5 elementor-widget elementor-widget-text-editor\" data-id=\"17f8bb5\" data-element_type=\"widget\" data-widget_type=\"text-editor.default\">\n\t\t\t\t<div class=\"elementor-widget-container\">\n\t\t\t\t\t<div class=\"elementor-text-editor elementor-clearfix\"><h4><strong>Z\u00e1vodn\u00ed j\u00eddelna &#8211; Ostrov<\/strong><\/h4><p>\t\t<div class=\"fotorama responsive-image-silder\"\r\n\t\t\tdata-width=100%\t\t\tdata-height=\"400px\"\t\t\tdata-nav=dots\t\t\t\t\t\tdata-allowfullscreen=true\t\t\tdata-fit=cover\t\t\tdata-transitionduration=300\t\t\tfalse\t\t\tdata-autoplay=false\t\t\tdata-loop=true\t\t\tdata-arrows=true\t\t\tdata-swipe=true\t\t\tdata-spinner=true\t\t\tdata-transition=\"slide\"\r\n\t\t\t>\r\n\t\t\t<img src=\"https:\/\/www.drevointer.cz\/wp-content\/uploads\/2021\/04\/CANTINA-01.jpg\" data-caption=\"\"><img src=\"https:\/\/www.drevointer.cz\/wp-content\/uploads\/2021\/04\/CANTINA-02.jpg\" data-caption=\"\"><img src=\"https:\/\/www.drevointer.cz\/wp-content\/uploads\/2021\/04\/CANTINA-03.jpg\" data-caption=\"\"><img src=\"https:\/\/www.drevointer.cz\/wp-content\/uploads\/2021\/04\/CANTINA-04.jpg\" data-caption=\"\"><img src=\"https:\/\/www.drevointer.cz\/wp-content\/uploads\/2021\/04\/CANTINA-05.jpg\" data-caption=\"\"><img src=\"https:\/\/www.drevointer.cz\/wp-content\/uploads\/2021\/04\/CANTINA-06.jpg\" data-caption=\"\"><img src=\"https:\/\/www.drevointer.cz\/wp-content\/uploads\/2021\/04\/CANTINA-07.jpg\" data-caption=\"\"><img src=\"https:\/\/www.drevointer.cz\/wp-content\/uploads\/2021\/04\/CANTINA-08.jpg\" data-caption=\"\">\t\t<\/div>\r\n\t\t<\/p><\/div>\n\t\t\t\t<\/div>\n\t\t\t\t<\/div>\n\t\t\t\t\t\t<\/div>\n\t\t\t\t\t<\/div>\n\t\t<\/div>\n\t\t\t\t\t\t\t\t<\/div>\n\t\t\t\t\t<\/div>\n\t\t<\/section>\n\t\t\t\t<section class=\"elementor-section elementor-top-section elementor-element elementor-element-ecbb3e6 elementor-section-boxed elementor-section-height-default elementor-section-height-default\" data-id=\"ecbb3e6\" data-element_type=\"section\">\n\t\t\t\t\t\t<div class=\"elementor-container elementor-column-gap-default\">\n\t\t\t\t\t\t\t<div class=\"elementor-row\">\n\t\t\t\t\t<div class=\"elementor-column elementor-col-50 elementor-top-column elementor-element elementor-element-269547a\" data-id=\"269547a\" data-element_type=\"column\">\n\t\t\t<div class=\"elementor-column-wrap elementor-element-populated\">\n\t\t\t\t\t\t\t<div class=\"elementor-widget-wrap\">\n\t\t\t\t\t\t<div class=\"elementor-element elementor-element-fd53d27 elementor-widget elementor-widget-text-editor\" data-id=\"fd53d27\" data-element_type=\"widget\" data-widget_type=\"text-editor.default\">\n\t\t\t\t<div class=\"elementor-widget-container\">\n\t\t\t\t\t<div class=\"elementor-text-editor elementor-clearfix\"><h4><strong>Pizzeria + bowling Strakonice<\/strong><\/h4><p>\t\t<div class=\"fotorama responsive-image-silder\"\r\n\t\t\tdata-width=100%\t\t\tdata-height=\"400px\"\t\t\tdata-nav=dots\t\t\t\t\t\tdata-allowfullscreen=true\t\t\tdata-fit=cover\t\t\tdata-transitionduration=300\t\t\tfalse\t\t\tdata-autoplay=false\t\t\tdata-loop=true\t\t\tdata-arrows=true\t\t\tdata-swipe=true\t\t\tdata-spinner=true\t\t\tdata-transition=\"slide\"\r\n\t\t\t>\r\n\t\t\t<img src=\"https:\/\/www.drevointer.cz\/wp-content\/uploads\/2021\/04\/PIZ-01.jpg\" data-caption=\"\"><img src=\"https:\/\/www.drevointer.cz\/wp-content\/uploads\/2021\/04\/PIZ-02.jpg\" data-caption=\"\"><img src=\"https:\/\/www.drevointer.cz\/wp-content\/uploads\/2021\/04\/PIZ-03.jpg\" data-caption=\"\"><img src=\"https:\/\/www.drevointer.cz\/wp-content\/uploads\/2021\/04\/PIZ-04.jpg\" data-caption=\"\"><img src=\"https:\/\/www.drevointer.cz\/wp-content\/uploads\/2021\/04\/PIZ-05.jpg\" data-caption=\"\">\t\t<\/div>\r\n\t\t<\/p><\/div>\n\t\t\t\t<\/div>\n\t\t\t\t<\/div>\n\t\t\t\t\t\t<\/div>\n\t\t\t\t\t<\/div>\n\t\t<\/div>\n\t\t\t\t<div class=\"elementor-column elementor-col-50 elementor-top-column elementor-element elementor-element-ff67726\" data-id=\"ff67726\" data-element_type=\"column\">\n\t\t\t<div class=\"elementor-column-wrap elementor-element-populated\">\n\t\t\t\t\t\t\t<div class=\"elementor-widget-wrap\">\n\t\t\t\t\t\t<div class=\"elementor-element elementor-element-487905b elementor-widget elementor-widget-text-editor\" data-id=\"487905b\" data-element_type=\"widget\" data-widget_type=\"text-editor.default\">\n\t\t\t\t<div class=\"elementor-widget-container\">\n\t\t\t\t\t<div class=\"elementor-text-editor elementor-clearfix\"><h4><strong>D\u011btsk\u00e1 knihovna Strakonice<\/strong><\/h4><p>\t\t<div class=\"fotorama responsive-image-silder\"\r\n\t\t\tdata-width=100%\t\t\tdata-height=\"400px\"\t\t\tdata-nav=dots\t\t\t\t\t\tdata-allowfullscreen=true\t\t\tdata-fit=cover\t\t\tdata-transitionduration=300\t\t\tfalse\t\t\tdata-autoplay=false\t\t\tdata-loop=true\t\t\tdata-arrows=true\t\t\tdata-swipe=true\t\t\tdata-spinner=true\t\t\tdata-transition=\"slide\"\r\n\t\t\t>\r\n\t\t\t<img src=\"https:\/\/www.drevointer.cz\/wp-content\/uploads\/2021\/04\/KN-01.jpg\" data-caption=\"\"><img src=\"https:\/\/www.drevointer.cz\/wp-content\/uploads\/2021\/04\/KN-03.jpg\" data-caption=\"\"><img src=\"https:\/\/www.drevointer.cz\/wp-content\/uploads\/2021\/04\/KN-07.jpg\" data-caption=\"\"><img src=\"https:\/\/www.drevointer.cz\/wp-content\/uploads\/2021\/04\/KN-02.jpg\" data-caption=\"\"><img src=\"https:\/\/www.drevointer.cz\/wp-content\/uploads\/2021\/04\/KN-06.jpg\" data-caption=\"\"><img src=\"https:\/\/www.drevointer.cz\/wp-content\/uploads\/2021\/04\/KN-04.jpg\" data-caption=\"\"><img src=\"https:\/\/www.drevointer.cz\/wp-content\/uploads\/2021\/04\/KN-05.jpg\" data-caption=\"\">\t\t<\/div>\r\n\t\t<\/p><\/div>\n\t\t\t\t<\/div>\n\t\t\t\t<\/div>\n\t\t\t\t\t\t<\/div>\n\t\t\t\t\t<\/div>\n\t\t<\/div>\n\t\t\t\t\t\t\t\t<\/div>\n\t\t\t\t\t<\/div>\n\t\t<\/section>\n\t\t\t\t<section class=\"elementor-section elementor-top-section elementor-element elementor-element-172b041 elementor-section-boxed elementor-section-height-default elementor-section-height-default\" data-id=\"172b041\" data-element_type=\"section\">\n\t\t\t\t\t\t<div class=\"elementor-container elementor-column-gap-default\">\n\t\t\t\t\t\t\t<div class=\"elementor-row\">\n\t\t\t\t\t<div class=\"elementor-column elementor-col-50 elementor-top-column elementor-element elementor-element-75a4ac7\" data-id=\"75a4ac7\" data-element_type=\"column\">\n\t\t\t<div class=\"elementor-column-wrap elementor-element-populated\">\n\t\t\t\t\t\t\t<div class=\"elementor-widget-wrap\">\n\t\t\t\t\t\t<div class=\"elementor-element elementor-element-c328488 elementor-widget elementor-widget-text-editor\" data-id=\"c328488\" data-element_type=\"widget\" data-widget_type=\"text-editor.default\">\n\t\t\t\t<div class=\"elementor-widget-container\">\n\t\t\t\t\t<div class=\"elementor-text-editor elementor-clearfix\"><h4><strong>Kancel\u00e1\u0159sk\u00e9 vybaven\u00ed -Strakonice<\/strong><\/h4><p>\t\t<div class=\"fotorama responsive-image-silder\"\r\n\t\t\tdata-width=100%\t\t\tdata-height=\"400px\"\t\t\tdata-nav=dots\t\t\t\t\t\tdata-allowfullscreen=true\t\t\tdata-fit=cover\t\t\tdata-transitionduration=300\t\t\tfalse\t\t\tdata-autoplay=false\t\t\tdata-loop=true\t\t\tdata-arrows=true\t\t\tdata-swipe=true\t\t\tdata-spinner=true\t\t\tdata-transition=\"slide\"\r\n\t\t\t>\r\n\t\t\t<img src=\"https:\/\/www.drevointer.cz\/wp-content\/uploads\/2021\/05\/ALU-01.jpg\" data-caption=\"\"><img src=\"https:\/\/www.drevointer.cz\/wp-content\/uploads\/2021\/05\/ALU-02.jpg\" data-caption=\"\"><img src=\"https:\/\/www.drevointer.cz\/wp-content\/uploads\/2021\/05\/ALU-03.jpg\" data-caption=\"\"><img src=\"https:\/\/www.drevointer.cz\/wp-content\/uploads\/2021\/05\/ALU-04.jpg\" data-caption=\"\">\t\t<\/div>\r\n\t\t<\/p><\/div>\n\t\t\t\t<\/div>\n\t\t\t\t<\/div>\n\t\t\t\t<div class=\"elementor-element elementor-element-2a57123 elementor-widget elementor-widget-text-editor\" data-id=\"2a57123\" data-element_type=\"widget\" data-widget_type=\"text-editor.default\">\n\t\t\t\t<div class=\"elementor-widget-container\">\n\t\t\t\t\t<div class=\"elementor-text-editor elementor-clearfix\"><h4><strong>Infocentrum Klatovy<\/strong><\/h4><p>\t\t<div class=\"fotorama responsive-image-silder\"\r\n\t\t\tdata-width=100%\t\t\tdata-height=\"400px\"\t\t\tdata-nav=dots\t\t\t\t\t\tdata-allowfullscreen=true\t\t\tdata-fit=cover\t\t\tdata-transitionduration=300\t\t\tfalse\t\t\tdata-autoplay=false\t\t\tdata-loop=true\t\t\tdata-arrows=true\t\t\tdata-swipe=true\t\t\tdata-spinner=true\t\t\tdata-transition=\"slide\"\r\n\t\t\t>\r\n\t\t\t<img src=\"https:\/\/www.drevointer.cz\/wp-content\/uploads\/2021\/04\/IC-Klatovy-1.jpg\" data-caption=\"\"><img src=\"https:\/\/www.drevointer.cz\/wp-content\/uploads\/2021\/04\/IC-Klatovy-2.jpg\" data-caption=\"\"><img src=\"https:\/\/www.drevointer.cz\/wp-content\/uploads\/2021\/04\/IC-Klatovy-3-scaled.jpg\" data-caption=\"\">\t\t<\/div>\r\n\t\t<\/p><\/div>\n\t\t\t\t<\/div>\n\t\t\t\t<\/div>\n\t\t\t\t\t\t<\/div>\n\t\t\t\t\t<\/div>\n\t\t<\/div>\n\t\t\t\t<div class=\"elementor-column elementor-col-50 elementor-top-column elementor-element elementor-element-f219112\" data-id=\"f219112\" data-element_type=\"column\">\n\t\t\t<div class=\"elementor-column-wrap elementor-element-populated\">\n\t\t\t\t\t\t\t<div class=\"elementor-widget-wrap\">\n\t\t\t\t\t\t<div class=\"elementor-element elementor-element-7dec577 elementor-widget elementor-widget-text-editor\" data-id=\"7dec577\" data-element_type=\"widget\" data-widget_type=\"text-editor.default\">\n\t\t\t\t<div class=\"elementor-widget-container\">\n\t\t\t\t\t<div class=\"elementor-text-editor elementor-clearfix\"><h4><strong>Podnikov\u00e1 prodejna -Pivovar Strakonice<\/strong><\/h4><p>\t\t<div class=\"fotorama responsive-image-silder\"\r\n\t\t\tdata-width=100%\t\t\tdata-height=\"400px\"\t\t\tdata-nav=dots\t\t\t\t\t\tdata-allowfullscreen=true\t\t\tdata-fit=cover\t\t\tdata-transitionduration=300\t\t\tfalse\t\t\tdata-autoplay=false\t\t\tdata-loop=true\t\t\tdata-arrows=true\t\t\tdata-swipe=true\t\t\tdata-spinner=true\t\t\tdata-transition=\"slide\"\r\n\t\t\t>\r\n\t\t\t<img src=\"https:\/\/www.drevointer.cz\/wp-content\/uploads\/2021\/05\/Pivovar-2.jpg\" data-caption=\"\"><img src=\"https:\/\/www.drevointer.cz\/wp-content\/uploads\/2021\/05\/Pivovar-1.jpg\" data-caption=\"\">\t\t<\/div>\r\n\t\t<\/p><\/div>\n\t\t\t\t<\/div>\n\t\t\t\t<\/div>\n\t\t\t\t\t\t<\/div>\n\t\t\t\t\t<\/div>\n\t\t<\/div>\n\t\t\t\t\t\t\t\t<\/div>\n\t\t\t\t\t<\/div>\n\t\t<\/section>\n\t\t\t\t\t\t<\/div>\n\t\t\t\t\t\t<\/div>\n\t\t\t\t\t<\/div>\n\t\t","protected":false},"excerpt":{"rendered":"<p>D\u016fm kultury Strakonice Vina\u0159stv\u00ed -Praha Troja Kancel\u00e1\u0159 starosty M\u011bsta Strakonice Z\u00e1vodn\u00ed j\u00eddelna &#8211; Ostrov Pizzeria + bowling Strakonice D\u011btsk\u00e1 knihovna Strakonice Kancel\u00e1\u0159sk\u00e9 vybaven\u00ed -Strakonice Infocentrum Klatovy Podnikov\u00e1 prodejna -Pivovar Strakonice<\/p>\n","protected":false},"author":1,"featured_media":0,"parent":0,"menu_order":0,"comment_status":"closed","ping_status":"closed","template":"","meta":[],"_links":{"self":[{"href":"https:\/\/www.drevointer.cz\/index.php\/wp-json\/wp\/v2\/pages\/232"}],"collection":[{"href":"https:\/\/www.drevointer.cz\/index.php\/wp-json\/wp\/v2\/pages"}],"about":[{"href":"https:\/\/www.drevointer.cz\/index.php\/wp-json\/wp\/v2\/types\/page"}],"author":[{"embeddable":true,"href":"https:\/\/www.drevointer.cz\/index.php\/wp-json\/wp\/v2\/users\/1"}],"replies":[{"embeddable":true,"href":"https:\/\/www.drevointer.cz\/index.php\/wp-json\/wp\/v2\/comments?post=232"}],"version-history":[{"count":145,"href":"https:\/\/www.drevointer.cz\/index.php\/wp-json\/wp\/v2\/pages\/232\/revisions"}],"predecessor-version":[{"id":1318,"href":"https:\/\/www.drevointer.cz\/index.php\/wp-json\/wp\/v2\/pages\/232\/revisions\/1318"}],"wp:attachment":[{"href":"https:\/\/www.drevointer.cz\/index.php\/wp-json\/wp\/v2\/media?parent=232"}],"curies":[{"name":"wp","href":"https:\/\/api.w.org\/{rel}","templated":true}]}}